{"id":11417,"date":"2022-07-10T13:28:48","date_gmt":"2022-07-10T11:28:48","guid":{"rendered":"http:\/\/www.emeryci-sg.org.pl\/wp\/?page_id=11417"},"modified":"2025-03-25T15:45:39","modified_gmt":"2025-03-25T14:45:39","slug":"zarzad-regionu-raciborz","status":"publish","type":"page","link":"https:\/\/www.emeryci-sg.org.pl\/wp\/zarzad-regionu-raciborz\/","title":{"rendered":"Zarz\u0105d Regionu Racib\u00f3rz"},"content":{"rendered":"<h1 class=\"post-title entry-title\"><\/h1>\n<div class=\"entry-content clearfix\">\n<div align=\"center\">\n<table style=\"width: 96.8%; height: 385px;\" border=\"0\">\n<tbody>\n<tr style=\"height: 167px;\">\n<td style=\"width: 22.8001%; height: 167px;\"><a href=\"https:\/\/www.emeryci-sg.org.pl\/wp\/wp-content\/uploads\/2022\/07\/544px-POL_Racib\u00f3rz_COA.svg-\u2014-kopia.png\"><img loading=\"lazy\" decoding=\"async\" class=\"alignnone size-full wp-image-11418\" src=\"https:\/\/www.emeryci-sg.org.pl\/wp\/wp-content\/uploads\/2022\/07\/544px-POL_Racib\u00f3rz_COA.svg-\u2014-kopia.png\" alt=\"\" width=\"136\" height=\"150\" \/><\/a><\/td>\n<td style=\"text-align: center; width: 73.7333%; height: 167px;\" colspan=\"3\"><strong><span style=\"font-size: 14pt;\">Zarz\u0105d Regionu<\/span><\/strong><br \/>\n<strong><span style=\"font-size: 14pt;\"><span id=\"cloak11631\">\u00a0Racib\u00f3rz<\/span><\/span><\/strong><\/td>\n<\/tr>\n<tr style=\"height: 62px;\">\n<td style=\"width: 22.8001%; height: 62px;\">prezes<\/td>\n<td style=\"width: 19.4049%; height: 62px;\">Wojciech Szyszka<\/td>\n<td style=\"width: 17.7113%; height: 62px;\">tel. 660 934 828<\/td>\n<td style=\"width: 36.6171%; height: 62px;\">\u00a0<a href=\"mailto:emerycisgraciborz@wp.pl\">emerycisgraciborz@wp.pl<\/a><\/td>\n<\/tr>\n<tr>\n<td style=\"width: 22.8001%;\">wiceprezes<\/td>\n<td style=\"width: 19.4049%;\">Wojciech Han<\/td>\n<td style=\"width: 17.7113%;\">tel. 665 257 901<\/td>\n<td style=\"width: 36.6171%;\">e-mail: <a href=\"mailto:emerycisgraciborz@wp.pl\">emerycisgraciborz@wp.pl<\/a><\/td>\n<\/tr>\n<tr style=\"height: 39px;\">\n<td style=\"width: 22.8001%; height: 39px;\">sekretarz<\/td>\n<td style=\"width: 19.4049%; height: 39px;\">J\u00f3zef Wilusz<\/td>\n<td style=\"width: 17.7113%; height: 39px;\">tel. 796 640 972<\/td>\n<td style=\"width: 36.6171%; height: 39px;\">e-mail: <a href=\"mailto:emerycisgraciborz@wp.pl\">emerycisgraciborz@wp.pl<\/a><\/td>\n<\/tr>\n<tr style=\"height: 39px;\">\n<td style=\"width: 22.8001%; height: 39px;\">skarbnik<\/td>\n<td style=\"width: 19.4049%; height: 39px;\">Marek Zachoszcz<\/td>\n<td style=\"width: 17.7113%; height: 39px;\">tel. 690 799 212<\/td>\n<td style=\"width: 36.6171%; height: 39px;\">e-mail: <a href=\"mailto:emerycisgraciborz@wp.pl\">emerycisgraciborz@wp.pl<\/a><\/td>\n<\/tr>\n<tr style=\"height: 39px;\">\n<td style=\"width: 22.8001%; height: 39px;\">cz\u0142onek<\/td>\n<td style=\"width: 19.4049%; height: 39px;\">Miros\u0142aw Mazurek<\/td>\n<td style=\"width: 17.7113%; height: 39px;\"><\/td>\n<td style=\"width: 36.6171%; height: 39px;\">e-mail: <a href=\"mailto:emerycisgraciborz@wp.pl\">emerycisgraciborz@wp.pl<\/a><\/td>\n<\/tr>\n<\/tbody>\n<\/table>\n<\/div>\n<p class=\"numer_konta\"><strong>Siedziba Regionu: 47-400 Racib\u00f3rz ul. D\u0105browskiego 2, E-mail: <span style=\"font-size: 14pt;\"><a href=\"mailto:emerycisgraciborz@wp.pl\">emerycisgraciborz@wp.pl<\/a><\/span><\/strong><\/p>\n<p class=\"numer_konta\"><strong>Numer konta<\/strong>: <strong>BNP Paribas Oddzia\u0142 w Raciborzu<\/strong><br \/>\n<strong>Nr:\u00a0 <span style=\"font-size: 14pt;\">91 1600 1462 1744 4536 7000 0001<\/span><\/strong><\/p>\n<p>&nbsp;<\/p>\n<\/div>\n","protected":false},"excerpt":{"rendered":"<p>Zarz\u0105d Regionu \u00a0Racib\u00f3rz prezes Wojciech Szyszka tel. 660 934 828 \u00a0emerycisgraciborz@wp.pl wiceprezes Wojciech Han tel. 665 257 901 e-mail: emerycisgraciborz@wp.pl sekretarz J\u00f3zef Wilusz tel. 796 640 972 e-mail: emerycisgraciborz@wp.pl skarbnik Marek Zachoszcz tel. 690 799 212 e-mail: emerycisgraciborz@wp.pl cz\u0142onek Miros\u0142aw Mazurek e-mail: emerycisgraciborz@wp.pl Siedziba Regionu: 47-400 Racib\u00f3rz ul. D\u0105browskiego 2, E-mail: emerycisgraciborz@wp.pl Numer konta: BNP &hellip; <\/p>\n<p><a class=\"more-link btn\" href=\"https:\/\/www.emeryci-sg.org.pl\/wp\/zarzad-regionu-raciborz\/\">Czytaj dalej<\/a><\/p>\n","protected":false},"author":2,"featured_media":0,"parent":0,"menu_order":0,"comment_status":"closed","ping_status":"closed","template":"","meta":{"footnotes":""},"class_list":["post-11417","page","type-page","status-publish","hentry","nodate","item-wrap"],"_links":{"self":[{"href":"https:\/\/www.emeryci-sg.org.pl\/wp\/wp-json\/wp\/v2\/pages\/11417","targetHints":{"allow":["GET"]}}],"collection":[{"href":"https:\/\/www.emeryci-sg.org.pl\/wp\/wp-json\/wp\/v2\/pages"}],"about":[{"href":"https:\/\/www.emeryci-sg.org.pl\/wp\/wp-json\/wp\/v2\/types\/page"}],"author":[{"embeddable":true,"href":"https:\/\/www.emeryci-sg.org.pl\/wp\/wp-json\/wp\/v2\/users\/2"}],"replies":[{"embeddable":true,"href":"https:\/\/www.emeryci-sg.org.pl\/wp\/wp-json\/wp\/v2\/comments?post=11417"}],"version-history":[{"count":10,"href":"https:\/\/www.emeryci-sg.org.pl\/wp\/wp-json\/wp\/v2\/pages\/11417\/revisions"}],"predecessor-version":[{"id":19303,"href":"https:\/\/www.emeryci-sg.org.pl\/wp\/wp-json\/wp\/v2\/pages\/11417\/revisions\/19303"}],"wp:attachment":[{"href":"https:\/\/www.emeryci-sg.org.pl\/wp\/wp-json\/wp\/v2\/media?parent=11417"}],"curies":[{"name":"wp","href":"https:\/\/api.w.org\/{rel}","templated":true}]}}