{"id":5084,"date":"2018-03-21T20:08:56","date_gmt":"2018-03-21T19:08:56","guid":{"rendered":"http:\/\/www.emeryci-sg.org.pl\/wp\/?page_id=5084"},"modified":"2024-10-29T18:51:47","modified_gmt":"2024-10-29T17:51:47","slug":"honorowy-czlonek-zwiazku","status":"publish","type":"page","link":"https:\/\/www.emeryci-sg.org.pl\/wp\/honorowy-czlonek-zwiazku\/","title":{"rendered":"Honorowy Cz\u0142onek Zwi\u0105zku"},"content":{"rendered":"<p style=\"text-align: center;\"><a href=\"https:\/\/www.emeryci-sg.org.pl\/wp\/wp-content\/uploads\/2024\/10\/Sylwia-Wieckiewicz.jpg\"><img loading=\"lazy\" decoding=\"async\" class=\"alignnone size-full wp-image-18085\" src=\"https:\/\/www.emeryci-sg.org.pl\/wp\/wp-content\/uploads\/2024\/10\/Sylwia-Wieckiewicz.jpg\" alt=\"\" width=\"1654\" height=\"2340\" srcset=\"https:\/\/www.emeryci-sg.org.pl\/wp\/wp-content\/uploads\/2024\/10\/Sylwia-Wieckiewicz.jpg 1654w, https:\/\/www.emeryci-sg.org.pl\/wp\/wp-content\/uploads\/2024\/10\/Sylwia-Wieckiewicz-212x300.jpg 212w, https:\/\/www.emeryci-sg.org.pl\/wp\/wp-content\/uploads\/2024\/10\/Sylwia-Wieckiewicz-724x1024.jpg 724w, https:\/\/www.emeryci-sg.org.pl\/wp\/wp-content\/uploads\/2024\/10\/Sylwia-Wieckiewicz-768x1087.jpg 768w, https:\/\/www.emeryci-sg.org.pl\/wp\/wp-content\/uploads\/2024\/10\/Sylwia-Wieckiewicz-1086x1536.jpg 1086w, https:\/\/www.emeryci-sg.org.pl\/wp\/wp-content\/uploads\/2024\/10\/Sylwia-Wieckiewicz-1448x2048.jpg 1448w, https:\/\/www.emeryci-sg.org.pl\/wp\/wp-content\/uploads\/2024\/10\/Sylwia-Wieckiewicz-555x785.jpg 555w\" sizes=\"auto, (max-width: 1654px) 100vw, 1654px\" \/><\/a><\/p>\n<p style=\"text-align: center;\"><a href=\"https:\/\/www.emeryci-sg.org.pl\/wp\/wp-content\/uploads\/2024\/10\/Radoslaw-Grzeda.jpg\"><img loading=\"lazy\" decoding=\"async\" class=\"alignnone size-full wp-image-18086\" src=\"https:\/\/www.emeryci-sg.org.pl\/wp\/wp-content\/uploads\/2024\/10\/Radoslaw-Grzeda.jpg\" alt=\"\" width=\"1654\" height=\"2340\" srcset=\"https:\/\/www.emeryci-sg.org.pl\/wp\/wp-content\/uploads\/2024\/10\/Radoslaw-Grzeda.jpg 1654w, https:\/\/www.emeryci-sg.org.pl\/wp\/wp-content\/uploads\/2024\/10\/Radoslaw-Grzeda-212x300.jpg 212w, https:\/\/www.emeryci-sg.org.pl\/wp\/wp-content\/uploads\/2024\/10\/Radoslaw-Grzeda-724x1024.jpg 724w, https:\/\/www.emeryci-sg.org.pl\/wp\/wp-content\/uploads\/2024\/10\/Radoslaw-Grzeda-768x1087.jpg 768w, https:\/\/www.emeryci-sg.org.pl\/wp\/wp-content\/uploads\/2024\/10\/Radoslaw-Grzeda-1086x1536.jpg 1086w, https:\/\/www.emeryci-sg.org.pl\/wp\/wp-content\/uploads\/2024\/10\/Radoslaw-Grzeda-1448x2048.jpg 1448w, https:\/\/www.emeryci-sg.org.pl\/wp\/wp-content\/uploads\/2024\/10\/Radoslaw-Grzeda-555x785.jpg 555w\" sizes=\"auto, (max-width: 1654px) 100vw, 1654px\" \/><\/a><\/p>\n<p>&nbsp;<\/p>\n<p style=\"text-align: center;\"><a href=\"https:\/\/www.emeryci-sg.org.pl\/wp\/wp-content\/uploads\/2021\/11\/T.-Kwi\u0119dacz.-Kopia.jpg\"><img loading=\"lazy\" decoding=\"async\" class=\"alignnone wp-image-10277 size-medium\" src=\"https:\/\/www.emeryci-sg.org.pl\/wp\/wp-content\/uploads\/2021\/11\/T.-Kwi\u0119dacz.-Kopia-297x300.jpg\" alt=\"\" width=\"297\" height=\"300\" srcset=\"https:\/\/www.emeryci-sg.org.pl\/wp\/wp-content\/uploads\/2021\/11\/T.-Kwi\u0119dacz.-Kopia-297x300.jpg 297w, https:\/\/www.emeryci-sg.org.pl\/wp\/wp-content\/uploads\/2021\/11\/T.-Kwi\u0119dacz.-Kopia.jpg 626w\" sizes=\"auto, (max-width: 297px) 100vw, 297px\" \/><\/a><\/p>\n<p style=\"text-align: center;\"><span style=\"font-size: 14pt;\"><strong>HONOROWY CZ\u0141ONEK ZWI\u0104ZKU<\/strong><\/span><\/p>\n<p style=\"text-align: center;\"><span style=\"font-size: 14pt;\"><strong>TADEUSZ KWI\u0118DACZ<\/strong><\/span><\/p>\n<p style=\"text-align: center;\"><a href=\"https:\/\/www.emeryci-sg.org.pl\/wp\/wp-content\/uploads\/2021\/10\/T.-Kwi\u0119dacz.jpg\"><img loading=\"lazy\" decoding=\"async\" class=\"alignnone size-full wp-image-10174\" src=\"https:\/\/www.emeryci-sg.org.pl\/wp\/wp-content\/uploads\/2021\/10\/T.-Kwi\u0119dacz.jpg\" alt=\"\" width=\"1240\" height=\"1754\" srcset=\"https:\/\/www.emeryci-sg.org.pl\/wp\/wp-content\/uploads\/2021\/10\/T.-Kwi\u0119dacz.jpg 1240w, https:\/\/www.emeryci-sg.org.pl\/wp\/wp-content\/uploads\/2021\/10\/T.-Kwi\u0119dacz-212x300.jpg 212w, https:\/\/www.emeryci-sg.org.pl\/wp\/wp-content\/uploads\/2021\/10\/T.-Kwi\u0119dacz-768x1086.jpg 768w, https:\/\/www.emeryci-sg.org.pl\/wp\/wp-content\/uploads\/2021\/10\/T.-Kwi\u0119dacz-724x1024.jpg 724w\" sizes=\"auto, (max-width: 1240px) 100vw, 1240px\" \/><\/a><\/p>\n","protected":false},"excerpt":{"rendered":"<p>&nbsp; HONOROWY CZ\u0141ONEK ZWI\u0104ZKU TADEUSZ KWI\u0118DACZ<\/p>\n","protected":false},"author":2,"featured_media":0,"parent":0,"menu_order":0,"comment_status":"closed","ping_status":"closed","template":"","meta":{"footnotes":""},"class_list":["post-5084","page","type-page","status-publish","hentry","nodate","item-wrap"],"_links":{"self":[{"href":"https:\/\/www.emeryci-sg.org.pl\/wp\/wp-json\/wp\/v2\/pages\/5084","targetHints":{"allow":["GET"]}}],"collection":[{"href":"https:\/\/www.emeryci-sg.org.pl\/wp\/wp-json\/wp\/v2\/pages"}],"about":[{"href":"https:\/\/www.emeryci-sg.org.pl\/wp\/wp-json\/wp\/v2\/types\/page"}],"author":[{"embeddable":true,"href":"https:\/\/www.emeryci-sg.org.pl\/wp\/wp-json\/wp\/v2\/users\/2"}],"replies":[{"embeddable":true,"href":"https:\/\/www.emeryci-sg.org.pl\/wp\/wp-json\/wp\/v2\/comments?post=5084"}],"version-history":[{"count":5,"href":"https:\/\/www.emeryci-sg.org.pl\/wp\/wp-json\/wp\/v2\/pages\/5084\/revisions"}],"predecessor-version":[{"id":18087,"href":"https:\/\/www.emeryci-sg.org.pl\/wp\/wp-json\/wp\/v2\/pages\/5084\/revisions\/18087"}],"wp:attachment":[{"href":"https:\/\/www.emeryci-sg.org.pl\/wp\/wp-json\/wp\/v2\/media?parent=5084"}],"curies":[{"name":"wp","href":"https:\/\/api.w.org\/{rel}","templated":true}]}}